{"id":2,"date":"2023-03-23T03:35:20","date_gmt":"2023-03-23T02:35:20","guid":{"rendered":"https:\/\/fotowien.at\/?page_id=2"},"modified":"2025-11-07T10:25:58","modified_gmt":"2025-11-07T09:25:58","slug":"foto-wien-2023","status":"publish","type":"page","link":"https:\/\/fotowien.at\/en\/","title":{"rendered":"Foto Wien"},"content":{"rendered":"","protected":false},"excerpt":{"rendered":"","protected":false},"author":1,"featured_media":0,"parent":0,"menu_order":0,"comment_status":"closed","ping_status":"closed","template":"","meta":{"_acf_changed":false,"footnotes":""},"class_list":["post-2","page","type-page","status-publish","hentry"],"acf":[],"yoast_head":"<!-- This site is optimized with the Yoast SEO plugin v27.1.1 - https:\/\/yoast.com\/product\/yoast-seo-wordpress\/ -->\n<title>Foto Wien<\/title>\n<meta name=\"description\" content=\"Die FOTO WIEN ist das gr\u00f6\u00dfte, biennal veranstaltete Festival f\u00fcr Fotografie in \u00d6sterreich und seit 2002 beteiligt am Europ\u00e4ischen Monat der Fotografie (EMOP). Ab 2023 wird die FOTO WIEN vom FOTO ARSENAL WIEN organisiert.\" \/>\n<meta name=\"robots\" content=\"index, follow, max-snippet:-1, max-image-preview:large, max-video-preview:-1\" \/>\n<link rel=\"canonical\" href=\"https:\/\/fotowien.at\/en\/\" \/>\n<meta property=\"og:locale\" content=\"en_US\" \/>\n<meta property=\"og:type\" content=\"article\" \/>\n<meta property=\"og:title\" content=\"Foto Wien\" \/>\n<meta property=\"og:description\" content=\"Die FOTO WIEN ist das gr\u00f6\u00dfte, biennal veranstaltete Festival f\u00fcr Fotografie in \u00d6sterreich und seit 2002 beteiligt am Europ\u00e4ischen Monat der Fotografie (EMOP). Ab 2023 wird die FOTO WIEN vom FOTO ARSENAL WIEN organisiert.\" \/>\n<meta property=\"og:url\" content=\"https:\/\/fotowien.at\/en\/\" \/>\n<meta property=\"og:site_name\" content=\"Foto Wien\" \/>\n<meta property=\"article:publisher\" content=\"https:\/\/www.facebook.com\/FOTOWIEN.Festival\" \/>\n<meta property=\"article:modified_time\" content=\"2025-11-07T09:25:58+00:00\" \/>\n<meta property=\"og:image\" content=\"https:\/\/fotowien.at\/wp-content\/uploads\/\u00a9-The-Late-Estate-Broomberg-Chanarin-2015-The-Goodman-Gallery-MACK-18x13-1.jpg\" \/>\n\t<meta property=\"og:image:width\" content=\"2000\" \/>\n\t<meta property=\"og:image:height\" content=\"1444\" \/>\n\t<meta property=\"og:image:type\" content=\"image\/jpeg\" \/>\n<meta name=\"twitter:card\" content=\"summary_large_image\" \/>\n<meta name=\"twitter:site\" content=\"@fotoarsenalwien\" \/>\n<script type=\"application\/ld+json\" class=\"yoast-schema-graph\">{\"@context\":\"https:\/\/schema.org\",\"@graph\":[{\"@type\":\"WebPage\",\"@id\":\"https:\/\/fotowien.at\/en\/\",\"url\":\"https:\/\/fotowien.at\/en\/\",\"name\":\"Foto Wien\",\"isPartOf\":{\"@id\":\"https:\/\/fotowien.at\/en\/#website\"},\"datePublished\":\"2023-03-23T02:35:20+00:00\",\"dateModified\":\"2025-11-07T09:25:58+00:00\",\"description\":\"Die FOTO WIEN ist das gr\u00f6\u00dfte, biennal veranstaltete Festival f\u00fcr Fotografie in \u00d6sterreich und seit 2002 beteiligt am Europ\u00e4ischen Monat der Fotografie (EMOP). Ab 2023 wird die FOTO WIEN vom FOTO ARSENAL WIEN organisiert.\",\"breadcrumb\":{\"@id\":\"https:\/\/fotowien.at\/en\/#breadcrumb\"},\"inLanguage\":\"en-US\",\"potentialAction\":[{\"@type\":\"ReadAction\",\"target\":[[\"https:\/\/fotowien.at\/en\/\"]]}]},{\"@type\":\"BreadcrumbList\",\"@id\":\"https:\/\/fotowien.at\/en\/#breadcrumb\",\"itemListElement\":[{\"@type\":\"ListItem\",\"position\":1,\"name\":\"Startseite\",\"item\":\"https:\/\/fotowien.at\/en\/\"},{\"@type\":\"ListItem\",\"position\":2,\"name\":\"Foto Wien\"}]},{\"@type\":\"WebSite\",\"@id\":\"https:\/\/fotowien.at\/en\/#website\",\"url\":\"https:\/\/fotowien.at\/en\/\",\"name\":\"Foto Wien\",\"description\":\"\",\"publisher\":{\"@id\":\"https:\/\/fotowien.at\/en\/#organization\"},\"potentialAction\":[{\"@type\":\"SearchAction\",\"target\":{\"@type\":\"EntryPoint\",\"urlTemplate\":\"https:\/\/fotowien.at\/en\/?s={search_term_string}\"},\"query-input\":{\"@type\":\"PropertyValueSpecification\",\"valueRequired\":true,\"valueName\":\"search_term_string\"}}],\"inLanguage\":\"en-US\"},{\"@type\":\"Organization\",\"@id\":\"https:\/\/fotowien.at\/en\/#organization\",\"name\":\"Foto Wien\",\"alternateName\":\"Foto Wien\",\"url\":\"https:\/\/fotowien.at\/en\/\",\"logo\":{\"@type\":\"ImageObject\",\"inLanguage\":\"en-US\",\"@id\":\"https:\/\/fotowien.at\/en\/#\/schema\/logo\/image\/\",\"url\":\"https:\/\/fotowien.at\/wp-content\/uploads\/FOTO_WIEN_2023_LOGO_Farbe_RGB_Lang.png\",\"contentUrl\":\"https:\/\/fotowien.at\/wp-content\/uploads\/FOTO_WIEN_2023_LOGO_Farbe_RGB_Lang.png\",\"width\":2000,\"height\":506,\"caption\":\"Foto Wien\"},\"image\":{\"@id\":\"https:\/\/fotowien.at\/en\/#\/schema\/logo\/image\/\"},\"sameAs\":[\"https:\/\/www.facebook.com\/FOTOWIEN.Festival\",\"https:\/\/x.com\/fotoarsenalwien\",\"https:\/\/instagram.com\/foto_wien\",\"http:\/\/www.tiktok.com\/@fotoarsenalwien\"]}]}<\/script>\n<!-- \/ Yoast SEO plugin. -->","yoast_head_json":{"title":"Foto Wien","description":"Die FOTO WIEN ist das gr\u00f6\u00dfte, biennal veranstaltete Festival f\u00fcr Fotografie in \u00d6sterreich und seit 2002 beteiligt am Europ\u00e4ischen Monat der Fotografie (EMOP). Ab 2023 wird die FOTO WIEN vom FOTO ARSENAL WIEN organisiert.","robots":{"index":"index","follow":"follow","max-snippet":"max-snippet:-1","max-image-preview":"max-image-preview:large","max-video-preview":"max-video-preview:-1"},"canonical":"https:\/\/fotowien.at\/en\/","og_locale":"en_US","og_type":"article","og_title":"Foto Wien","og_description":"Die FOTO WIEN ist das gr\u00f6\u00dfte, biennal veranstaltete Festival f\u00fcr Fotografie in \u00d6sterreich und seit 2002 beteiligt am Europ\u00e4ischen Monat der Fotografie (EMOP). Ab 2023 wird die FOTO WIEN vom FOTO ARSENAL WIEN organisiert.","og_url":"https:\/\/fotowien.at\/en\/","og_site_name":"Foto Wien","article_publisher":"https:\/\/www.facebook.com\/FOTOWIEN.Festival","article_modified_time":"2025-11-07T09:25:58+00:00","og_image":[{"width":2000,"height":1444,"url":"https:\/\/fotowien.at\/wp-content\/uploads\/\u00a9-The-Late-Estate-Broomberg-Chanarin-2015-The-Goodman-Gallery-MACK-18x13-1.jpg","type":"image\/jpeg"}],"twitter_card":"summary_large_image","twitter_site":"@fotoarsenalwien","schema":{"@context":"https:\/\/schema.org","@graph":[{"@type":"WebPage","@id":"https:\/\/fotowien.at\/en\/","url":"https:\/\/fotowien.at\/en\/","name":"Foto Wien","isPartOf":{"@id":"https:\/\/fotowien.at\/en\/#website"},"datePublished":"2023-03-23T02:35:20+00:00","dateModified":"2025-11-07T09:25:58+00:00","description":"Die FOTO WIEN ist das gr\u00f6\u00dfte, biennal veranstaltete Festival f\u00fcr Fotografie in \u00d6sterreich und seit 2002 beteiligt am Europ\u00e4ischen Monat der Fotografie (EMOP). Ab 2023 wird die FOTO WIEN vom FOTO ARSENAL WIEN organisiert.","breadcrumb":{"@id":"https:\/\/fotowien.at\/en\/#breadcrumb"},"inLanguage":"en-US","potentialAction":[{"@type":"ReadAction","target":[["https:\/\/fotowien.at\/en\/"]]}]},{"@type":"BreadcrumbList","@id":"https:\/\/fotowien.at\/en\/#breadcrumb","itemListElement":[{"@type":"ListItem","position":1,"name":"Startseite","item":"https:\/\/fotowien.at\/en\/"},{"@type":"ListItem","position":2,"name":"Foto Wien"}]},{"@type":"WebSite","@id":"https:\/\/fotowien.at\/en\/#website","url":"https:\/\/fotowien.at\/en\/","name":"Foto Wien","description":"","publisher":{"@id":"https:\/\/fotowien.at\/en\/#organization"},"potentialAction":[{"@type":"SearchAction","target":{"@type":"EntryPoint","urlTemplate":"https:\/\/fotowien.at\/en\/?s={search_term_string}"},"query-input":{"@type":"PropertyValueSpecification","valueRequired":true,"valueName":"search_term_string"}}],"inLanguage":"en-US"},{"@type":"Organization","@id":"https:\/\/fotowien.at\/en\/#organization","name":"Foto Wien","alternateName":"Foto Wien","url":"https:\/\/fotowien.at\/en\/","logo":{"@type":"ImageObject","inLanguage":"en-US","@id":"https:\/\/fotowien.at\/en\/#\/schema\/logo\/image\/","url":"https:\/\/fotowien.at\/wp-content\/uploads\/FOTO_WIEN_2023_LOGO_Farbe_RGB_Lang.png","contentUrl":"https:\/\/fotowien.at\/wp-content\/uploads\/FOTO_WIEN_2023_LOGO_Farbe_RGB_Lang.png","width":2000,"height":506,"caption":"Foto Wien"},"image":{"@id":"https:\/\/fotowien.at\/en\/#\/schema\/logo\/image\/"},"sameAs":["https:\/\/www.facebook.com\/FOTOWIEN.Festival","https:\/\/x.com\/fotoarsenalwien","https:\/\/instagram.com\/foto_wien","http:\/\/www.tiktok.com\/@fotoarsenalwien"]}]}},"_links":{"self":[{"href":"https:\/\/fotowien.at\/en\/wp-json\/wp\/v2\/pages\/2","targetHints":{"allow":["GET"]}}],"collection":[{"href":"https:\/\/fotowien.at\/en\/wp-json\/wp\/v2\/pages"}],"about":[{"href":"https:\/\/fotowien.at\/en\/wp-json\/wp\/v2\/types\/page"}],"author":[{"embeddable":true,"href":"https:\/\/fotowien.at\/en\/wp-json\/wp\/v2\/users\/1"}],"replies":[{"embeddable":true,"href":"https:\/\/fotowien.at\/en\/wp-json\/wp\/v2\/comments?post=2"}],"version-history":[{"count":112,"href":"https:\/\/fotowien.at\/en\/wp-json\/wp\/v2\/pages\/2\/revisions"}],"predecessor-version":[{"id":8449,"href":"https:\/\/fotowien.at\/en\/wp-json\/wp\/v2\/pages\/2\/revisions\/8449"}],"wp:attachment":[{"href":"https:\/\/fotowien.at\/en\/wp-json\/wp\/v2\/media?parent=2"}],"curies":[{"name":"wp","href":"https:\/\/api.w.org\/{rel}","templated":true}]}}