{"id":3455,"date":"2023-06-29T18:00:01","date_gmt":"2023-06-29T16:00:01","guid":{"rendered":"https:\/\/fotowien.at\/?page_id=3455"},"modified":"2025-08-25T14:27:49","modified_gmt":"2025-08-25T12:27:49","slug":"fortlaufende-ausstellungen","status":"publish","type":"page","link":"https:\/\/fotowien.at\/en\/fortlaufende-ausstellungen\/","title":{"rendered":"Ongoing Exhibitions"},"content":{"rendered":"<p><figure id=\"attachment_3309\" aria-describedby=\"caption-attachment-3309\" style=\"width: 1024px\" class=\"wp-caption alignnone\"><img loading=\"lazy\" decoding=\"async\" class=\"wp-image-3309 size-large\" src=\"https:\/\/fotowien.at\/wp-content\/uploads\/20230601-195054_foto_wien_eroeffnung_1547-e1688110945734-1024x681.jpg\" alt=\"\u00a9 Michael Seirer Photography \u2014 Er\u00f6ffnung FOTO WIEN 2023: (von l. nach r.) Kateryna Radchenko (Kuratorin), Boris Mikhailov (Fotograf)\" width=\"1024\" height=\"681\" srcset=\"https:\/\/fotowien.at\/wp-content\/uploads\/20230601-195054_foto_wien_eroeffnung_1547-e1688110945734-1024x681.jpg 1024w, https:\/\/fotowien.at\/wp-content\/uploads\/20230601-195054_foto_wien_eroeffnung_1547-e1688110945734-300x200.jpg 300w, https:\/\/fotowien.at\/wp-content\/uploads\/20230601-195054_foto_wien_eroeffnung_1547-e1688110945734-768x511.jpg 768w, https:\/\/fotowien.at\/wp-content\/uploads\/20230601-195054_foto_wien_eroeffnung_1547-e1688110945734-1080x719.jpg 1080w, https:\/\/fotowien.at\/wp-content\/uploads\/20230601-195054_foto_wien_eroeffnung_1547-e1688110945734-640x426.jpg 640w, https:\/\/fotowien.at\/wp-content\/uploads\/20230601-195054_foto_wien_eroeffnung_1547-e1688110945734-480x319.jpg 480w, https:\/\/fotowien.at\/wp-content\/uploads\/20230601-195054_foto_wien_eroeffnung_1547-e1688110945734-30x20.jpg 30w, https:\/\/fotowien.at\/wp-content\/uploads\/20230601-195054_foto_wien_eroeffnung_1547-e1688110945734.jpg 1500w\" sizes=\"auto, (max-width: 1024px) 100vw, 1024px\" \/><figcaption id=\"caption-attachment-3309\" class=\"wp-caption-text\">\u00a9 Michael Seirer Photography \u2014 Er\u00f6ffnung FOTO WIEN 2023: (von l. nach r.) Kateryna Radchenko (Kuratorin), Boris Mikhailov (Fotograf)<\/figcaption><\/figure><\/p>\n<p>&nbsp;<\/p>\n<p><span style=\"color: #ec3400;\"><strong>ALBERTINA, VALIE EXPORT, until 1.10.2023<\/strong><\/span><br \/>\n<a href=\"https:\/\/fotowien.at\/ausstellung\/valie-export-foto-wien-2023\/\">https:\/\/fotowien.at\/ausstellung\/valie-export-foto-wien-2023\/<\/a><\/p>\n<p><span style=\"color: #ec3400;\"><strong>AnzenbergerGallery, STUDIO NOTES \u2013 MY TIME WITH CY, until 18.8.2023<\/strong><\/span><br \/>\n<a href=\"https:\/\/fotowien.at\/ausstellung\/studio-notes-my-time-with-cy-foto-wien-2023\/\">https:\/\/fotowien.at\/ausstellung\/studio-notes-my-time-with-cy-foto-wien-2023\/<\/a><\/p>\n<p><span style=\"color: #ec3400;\"><strong>Charim Gallery, TRANSGRESSION \u2013 ANJA MANFREDI, until 8.7.2023<\/strong><\/span><br \/>\n<a href=\"https:\/\/fotowien.at\/ausstellung\/transgression-foto-wien-2023\/\">https:\/\/fotowien.at\/ausstellung\/transgression-foto-wien-2023\/<\/a><\/p>\n<p><span style=\"color: #ec3400;\"><strong>EIKON Schauraum, <\/strong><\/span><span data-title=\"\"><span style=\"color: #ec3400;\"><strong>THE LYING LENS. A SELECTIVE GLOSSARY OF IMAGE MANIPULATION, until 20.8.2023<\/strong><\/span><br \/>\n<a href=\"https:\/\/fotowien.at\/ausstellung\/the-lying-lens-foto-wien-2023\/\">https:\/\/fotowien.at\/ausstellung\/the-lying-lens-foto-wien-2023\/<\/a><\/span><\/p>\n<p><span style=\"color: #ec3400;\"><strong>FOTO ARSENAL WIEN, CROSSING LINES. POLITICS OF IMAGES, until 20.8.2023<\/strong><\/span><br \/>\n<a href=\"https:\/\/fotowien.at\/specials\/crossing-lines-politics-of-images-foto-wien-2023\/\">https:\/\/fotowien.at\/specials\/crossing-lines-politics-of-images-foto-wien-2023\/<\/a><\/p>\n<p><span style=\"color: #ec3400;\"><strong>Galerie Crone Wien, HUDA TAKRITI, until 26.8.2023<\/strong><\/span><br \/>\n<a href=\"https:\/\/fotowien.at\/ausstellung\/huda-takriti-foto-wien-2023\/\">https:\/\/fotowien.at\/ausstellung\/huda-takriti-foto-wien-2023\/<\/a><\/p>\n<p><span style=\"color: #ec3400;\"><strong>Galerie Elisabeth &amp; Klaus Thoman, Wien, J\u00dcRGEN KLAUKE. SCHATTENFRESSER, until 9.9.2023<\/strong><\/span><br \/>\n<a href=\"https:\/\/fotowien.at\/ausstellung\/juergen-klauke-prosecuritas-foto-wien-2023\/\">https:\/\/fotowien.at\/ausstellung\/juergen-klauke-prosecuritas-foto-wien-2023\/<\/a><\/p>\n<p><span style=\"color: #ec3400;\"><strong>Galerie Gans, FRAGILE MOMENTS, until 14.7.2023<\/strong><\/span><br \/>\n<a href=\"https:\/\/fotowien.at\/ausstellung\/fragile-moments-foto-wien-2023\/\">https:\/\/fotowien.at\/ausstellung\/fragile-moments-foto-wien-2023\/<\/a><\/p>\n<p><span style=\"color: #ec3400;\"><strong>Galerie J\u00fcnger, DIE WAHRNEHMUNG DES UNGLEICHZEITIGEN \u2013 ODER DER LAUF DER ZEIT, until 2.7.2023<\/strong><\/span><br \/>\n<a href=\"https:\/\/fotowien.at\/ausstellung\/die-wahrnehmung-des-ungleichzeitigen-foto-wien-2023\/\">https:\/\/fotowien.at\/ausstellung\/die-wahrnehmung-des-ungleichzeitigen-foto-wien-2023\/<\/a><\/p>\n<p><span style=\"color: #ec3400;\"><strong>Galerie Sturm &amp; Schober, WIR ALLE SPIELEN THEATER \u2013 THE PRESENTATION OF SELF, until 10.7.2023<\/strong><\/span><br \/>\n<a href=\"https:\/\/fotowien.at\/ausstellung\/wir-alle-spielen-theater-the-presentation-of-self-foto-wien-2023\/\">https:\/\/fotowien.at\/ausstellung\/wir-alle-spielen-theater-the-presentation-of-self-foto-wien-2023\/<\/a><\/p>\n<p><span style=\"color: #ec3400;\"><strong>Josephinum &#8211; Medizinhistorisches Museum Wien, DER MEISTER DES \u00c4RZTEPORTR\u00c4TS. DER FOTOGRAF MAX SCHNEIDER UND DIE WIENER MEDIZINISCHE FAKULT\u00c4T VON 1925 BIS 1938, until 26.8.2023<\/strong><\/span><br \/>\n<a href=\"https:\/\/fotowien.at\/ausstellung\/the-master-of-physician-portraits-the-photography-max-schneider-and-the-viennese-medical-faculty-from-1925-to-1938-foto-wien-2023\/\">https:\/\/fotowien.at\/ausstellung\/the-master-of-physician-portraits-the-photography-max-schneider-and-the-viennese-medical-faculty-from-1925-to-1938-foto-wien-2023\/<\/a><\/p>\n<p><span style=\"color: #ec3400;\"><strong>J\u00fcdisches Museum Wien, MARIA AUSTRIA, until 14.1.2024<\/strong><\/span><br \/>\n<a href=\"https:\/\/fotowien.at\/ausstellung\/maria-austria\/\">https:\/\/fotowien.at\/ausstellung\/maria-austria\/<\/a><\/p>\n<p><span style=\"color: #ec3400;\"><strong>KOENIG2 by_robbygreif, CARDBOARD &amp; COPENHAGEN \u2013 THE JUNGLE FEVER, until 29.7.2023<\/strong><\/span><br \/>\n<a href=\"https:\/\/fotowien.at\/ausstellung\/cardboard-copenhagen-the-jungle-fever-foto-wien-2023\/\">https:\/\/fotowien.at\/ausstellung\/cardboard-copenhagen-the-jungle-fever-foto-wien-2023\/<\/a><\/p>\n<p><span style=\"color: #ec3400;\"><strong>Korridor &#8211; Raum f\u00fcr aktuelle Kunst, LIDDY SCHEFFKNECHT \u2013 BROKEN FLOWERS, until 8.7.2023<\/strong><\/span><br \/>\n<a href=\"https:\/\/fotowien.at\/ausstellung\/liddy-scheffknecht-broken-flowers-foto-wien-2023\/\">https:\/\/fotowien.at\/ausstellung\/liddy-scheffknecht-broken-flowers-foto-wien-2023\/<\/a><\/p>\n<p><span style=\"color: #ec3400;\"><strong>LEICA Galerie Wien, CHANGING PERSPECTIVES, until 2.9.2023<\/strong><\/span><br \/>\n<a href=\"https:\/\/fotowien.at\/ausstellung\/changing-perspectives-foto-wien-2023\/\">https:\/\/fotowien.at\/ausstellung\/changing-perspectives-foto-wien-2023\/<\/a><\/p>\n<p><span style=\"color: #ec3400;\"><strong>Lucas Feichtner Galerie, MARIELIS SEYLER \u2013 VERLETZUNGEN, until 8.7.2023<\/strong><\/span><br \/>\n<a href=\"https:\/\/fotowien.at\/ausstellung\/marielis-seyler-wounds-foto-wien-2023\/\">https:\/\/fotowien.at\/ausstellung\/marielis-seyler-wounds-foto-wien-2023\/<\/a><\/p>\n<p><span style=\"color: #ec3400;\"><strong>mumok, ELISABETH WILD. FANTASIEFABRIK, until 31.12.2023<\/strong><\/span><br \/>\n<a href=\"https:\/\/fotowien.at\/ausstellung\/elisabeth-wild-fantasy-factory-foto-wien-2023\/\">https:\/\/fotowien.at\/ausstellung\/elisabeth-wild-fantasy-factory-foto-wien-2023\/<\/a><\/p>\n<p><span style=\"color: #ec3400;\"><strong>\u00d6STERREICHISCHE FRIEDRICH UND LILLIAN KIESLER-PRIVATSTIFTUNG, GREGOR SCHMOLL. PUPARIUM: ATELIER\/STUDIO, until 13.10.2023<\/strong><\/span><br \/>\n<a href=\"https:\/\/fotowien.at\/ausstellung\/gregor-schmoll-puparium-atelier-studio-foto-wien-2023\/\">https:\/\/fotowien.at\/ausstellung\/gregor-schmoll-puparium-atelier-studio-foto-wien-2023\/<\/a><\/p>\n<p><span style=\"color: #ec3400;\"><strong>OstLicht. Galerie f\u00fcr Fotografie, INGE MORATH, until 22.7.2023<\/strong><\/span><br \/>\n<a href=\"https:\/\/fotowien.at\/ausstellung\/inge-morath\/\">https:\/\/fotowien.at\/ausstellung\/inge-morath\/<\/a><\/p>\n<p><span style=\"color: #ec3400;\"><strong>Palais Herberstein, PERIPHERIA II, until 8.7.2023<\/strong><\/span><br \/>\n<a href=\"https:\/\/fotowien.at\/ausstellung\/peripheria-ii-foto-wien-2023\/\">https:\/\/fotowien.at\/ausstellung\/peripheria-ii-foto-wien-2023\/<\/a><\/p>\n<p><span style=\"color: #ec3400;\"><strong>PHOTOINSTITUT BONARTES, GLASBLICK UND WACHSHAUT. HERBERT LIST FOTOGRAFIERT IN PR\u00c4USCHERS PANOPTIKUM, until 28.7.2023<\/strong><\/span><br \/>\n<a href=\"https:\/\/fotowien.at\/ausstellung\/glasblick-und-wachshaut-foto-wien-2023\/\">https:\/\/fotowien.at\/ausstellung\/glasblick-und-wachshaut-foto-wien-2023\/<\/a><\/p>\n<p><span style=\"color: #ec3400;\"><strong>PLAIN ART, EDGE OF REALITY: THE PORTRAITS OF IRINA GAVRICH, until 14.7.2023<\/strong><\/span><br \/>\n<a href=\"https:\/\/fotowien.at\/ausstellung\/edge-of-reality-foto-wien-2023\/\">https:\/\/fotowien.at\/ausstellung\/edge-of-reality-foto-wien-2023\/<\/a><\/p>\n<p><span style=\"color: #ec3400;\"><strong>rauminhalt_harald bichler, NICHT ST\u00dcRZEN, until 8.7.2023<\/strong><\/span><br \/>\n<a href=\"https:\/\/fotowien.at\/ausstellung\/nicht-stuerzen-foto-wien-2023\/\">https:\/\/fotowien.at\/ausstellung\/nicht-stuerzen-foto-wien-2023\/<\/a><\/p>\n<p><span style=\"color: #ec3400;\"><strong>S\u00e4ulen der Erinnerung\/Yppenplatz, ENTER AS STRAYS, until 3.8.2023<\/strong><\/span><br \/>\n<a href=\"https:\/\/fotowien.at\/ausstellung\/enter-as-strays-foto-wien-2023\/\">https:\/\/fotowien.at\/ausstellung\/enter-as-strays-foto-wien-2023\/<\/a><\/p>\n<p><span style=\"color: #ec3400;\"><strong>Smolka Contemporary, ENTFREMDET, until 12.7.2023<\/strong><\/span><br \/>\n<a href=\"https:\/\/fotowien.at\/ausstellung\/entfremdet-alienated-foto-wien-2023\/\">https:\/\/fotowien.at\/ausstellung\/entfremdet-alienated-foto-wien-2023\/<\/a><\/p>\n<p><span style=\"color: #ec3400;\"><strong>Tschechisches Zentrum Wien, B\u00c1RA PR\u00c1\u0160ILOV\u00c1: CIRCLES, until 28.7.2023<\/strong><\/span><br \/>\n<a href=\"https:\/\/fotowien.at\/ausstellung\/bara-prasilova-circles-foto-wien-2023\/\">https:\/\/fotowien.at\/ausstellung\/bara-prasilova-circles-foto-wien-2023\/<\/a><\/p>\n<p><span style=\"color: #ec3400;\"><strong>WestLicht. Schauplatz f\u00fcr Fotografie, ALL YOU NEED IS LOVE. FOTOGRAFIEN DER BEATLES, until 6.8.2023<\/strong><\/span><br \/>\n<a href=\"https:\/\/fotowien.at\/ausstellung\/all-you-need-is-love-foto-wien-2023\/\">https:\/\/fotowien.at\/ausstellung\/all-you-need-is-love-foto-wien-2023\/<\/a><\/p>\n<p><span data-partner=\"\"><span style=\"color: #ec3400;\"><strong>ZEBRA ZENTRUM F\u00dcR KLASSISCHE UND MODERNE FOTOGRAFIE, \u201cGREETINGS FROM\u2026 ALLES CHIM\u00c4RE\u201d, until 14.7.2023<\/strong><\/span><br \/>\n<a href=\"https:\/\/fotowien.at\/ausstellung\/greetings-from-alles-chimaere-foto-wien-2023\/\">https:\/\/fotowien.at\/ausstellung\/greetings-from-alles-chimaere-foto-wien-2023\/<\/a><\/span><\/p>\n<p><span style=\"color: #ec3400;\"><strong>ZELLER VAN ALMSICK, A TALE OF TWO CITIES, until 8.7.2023<\/strong><\/span><br \/>\n<a href=\"https:\/\/fotowien.at\/ausstellung\/a-tale-of-two-cities-foto-wien-2023\/\">https:\/\/fotowien.at\/ausstellung\/a-tale-of-two-cities-foto-wien-2023\/<\/a><\/p>","protected":false},"excerpt":{"rendered":"<p>&nbsp; ALBERTINA, VALIE EXPORT, until 1.10.2023 https:\/\/fotowien.at\/ausstellung\/valie-export-foto-wien-2023\/ AnzenbergerGallery, STUDIO NOTES&hellip;<\/p>\n","protected":false},"author":3,"featured_media":0,"parent":0,"menu_order":11,"comment_status":"closed","ping_status":"closed","template":"","meta":{"_acf_changed":false,"footnotes":""},"class_list":["post-3455","page","type-page","status-publish","hentry"],"acf":[],"yoast_head":"<!-- This site is optimized with the Yoast SEO plugin v27.1.1 - https:\/\/yoast.com\/product\/yoast-seo-wordpress\/ -->\n<title>Ongoing Exhibitions &#8212; Foto Wien<\/title>\n<meta name=\"robots\" content=\"index, follow, max-snippet:-1, max-image-preview:large, max-video-preview:-1\" \/>\n<link rel=\"canonical\" href=\"https:\/\/fotowien.at\/en\/fortlaufende-ausstellungen\/\" \/>\n<meta property=\"og:locale\" content=\"en_US\" \/>\n<meta property=\"og:type\" content=\"article\" \/>\n<meta property=\"og:title\" content=\"Ongoing Exhibitions &#8212; Foto Wien\" \/>\n<meta property=\"og:description\" content=\"&nbsp; ALBERTINA, VALIE EXPORT, until 1.10.2023 https:\/\/fotowien.at\/ausstellung\/valie-export-foto-wien-2023\/ AnzenbergerGallery, STUDIO NOTES&hellip;\" \/>\n<meta property=\"og:url\" content=\"https:\/\/fotowien.at\/en\/fortlaufende-ausstellungen\/\" \/>\n<meta property=\"og:site_name\" content=\"Foto Wien\" \/>\n<meta property=\"article:publisher\" content=\"https:\/\/www.facebook.com\/FOTOWIEN.Festival\" \/>\n<meta property=\"article:modified_time\" content=\"2025-08-25T12:27:49+00:00\" \/>\n<meta property=\"og:image\" content=\"https:\/\/fotowien.at\/wp-content\/uploads\/20230601-195054_foto_wien_eroeffnung_1547-e1688110945734.jpg\" \/>\n\t<meta property=\"og:image:width\" content=\"1500\" \/>\n\t<meta property=\"og:image:height\" content=\"998\" \/>\n\t<meta property=\"og:image:type\" content=\"image\/jpeg\" \/>\n<meta name=\"twitter:card\" content=\"summary_large_image\" \/>\n<meta name=\"twitter:site\" content=\"@fotoarsenalwien\" \/>\n<meta name=\"twitter:label1\" content=\"Est. reading time\" \/>\n\t<meta name=\"twitter:data1\" content=\"2 minutes\" \/>\n<script type=\"application\/ld+json\" class=\"yoast-schema-graph\">{\"@context\":\"https:\/\/schema.org\",\"@graph\":[{\"@type\":\"WebPage\",\"@id\":\"https:\/\/fotowien.at\/en\/fortlaufende-ausstellungen\/\",\"url\":\"https:\/\/fotowien.at\/en\/fortlaufende-ausstellungen\/\",\"name\":\"Ongoing Exhibitions &#8212; Foto Wien\",\"isPartOf\":{\"@id\":\"https:\/\/fotowien.at\/en\/#website\"},\"primaryImageOfPage\":{\"@id\":\"https:\/\/fotowien.at\/en\/fortlaufende-ausstellungen\/#primaryimage\"},\"image\":{\"@id\":\"https:\/\/fotowien.at\/fortlaufende-ausstellungen\/#primaryimage\"},\"thumbnailUrl\":\"https:\/\/fotowien.at\/wp-content\/uploads\/20230601-195054_foto_wien_eroeffnung_1547-e1688110945734-1024x681.jpg\",\"datePublished\":\"2023-06-29T16:00:01+00:00\",\"dateModified\":\"2025-08-25T12:27:49+00:00\",\"breadcrumb\":{\"@id\":\"https:\/\/fotowien.at\/en\/fortlaufende-ausstellungen\/#breadcrumb\"},\"inLanguage\":\"en-US\",\"potentialAction\":[{\"@type\":\"ReadAction\",\"target\":[[\"https:\/\/fotowien.at\/en\/fortlaufende-ausstellungen\/\"]]}]},{\"@type\":\"ImageObject\",\"inLanguage\":\"en-US\",\"@id\":\"https:\/\/fotowien.at\/en\/fortlaufende-ausstellungen\/#primaryimage\",\"url\":\"https:\/\/fotowien.at\/wp-content\/uploads\/20230601-195054_foto_wien_eroeffnung_1547-e1688110945734-1024x681.jpg\",\"contentUrl\":\"https:\/\/fotowien.at\/wp-content\/uploads\/20230601-195054_foto_wien_eroeffnung_1547-e1688110945734-1024x681.jpg\"},{\"@type\":\"BreadcrumbList\",\"@id\":\"https:\/\/fotowien.at\/en\/fortlaufende-ausstellungen\/#breadcrumb\",\"itemListElement\":[{\"@type\":\"ListItem\",\"position\":1,\"name\":\"Startseite\",\"item\":\"https:\/\/fotowien.at\/en\/\"},{\"@type\":\"ListItem\",\"position\":2,\"name\":\"Fortlaufende Ausstellungen\"}]},{\"@type\":\"WebSite\",\"@id\":\"https:\/\/fotowien.at\/en\/#website\",\"url\":\"https:\/\/fotowien.at\/en\/\",\"name\":\"Foto Wien\",\"description\":\"\",\"publisher\":{\"@id\":\"https:\/\/fotowien.at\/en\/#organization\"},\"potentialAction\":[{\"@type\":\"SearchAction\",\"target\":{\"@type\":\"EntryPoint\",\"urlTemplate\":\"https:\/\/fotowien.at\/en\/?s={search_term_string}\"},\"query-input\":{\"@type\":\"PropertyValueSpecification\",\"valueRequired\":true,\"valueName\":\"search_term_string\"}}],\"inLanguage\":\"en-US\"},{\"@type\":\"Organization\",\"@id\":\"https:\/\/fotowien.at\/en\/#organization\",\"name\":\"Foto Wien\",\"alternateName\":\"Foto Wien\",\"url\":\"https:\/\/fotowien.at\/en\/\",\"logo\":{\"@type\":\"ImageObject\",\"inLanguage\":\"en-US\",\"@id\":\"https:\/\/fotowien.at\/en\/#\/schema\/logo\/image\/\",\"url\":\"https:\/\/fotowien.at\/wp-content\/uploads\/FOTO_WIEN_2023_LOGO_Farbe_RGB_Lang.png\",\"contentUrl\":\"https:\/\/fotowien.at\/wp-content\/uploads\/FOTO_WIEN_2023_LOGO_Farbe_RGB_Lang.png\",\"width\":2000,\"height\":506,\"caption\":\"Foto Wien\"},\"image\":{\"@id\":\"https:\/\/fotowien.at\/en\/#\/schema\/logo\/image\/\"},\"sameAs\":[\"https:\/\/www.facebook.com\/FOTOWIEN.Festival\",\"https:\/\/x.com\/fotoarsenalwien\",\"https:\/\/instagram.com\/foto_wien\",\"http:\/\/www.tiktok.com\/@fotoarsenalwien\"]}]}<\/script>\n<!-- \/ Yoast SEO plugin. -->","yoast_head_json":{"title":"Ongoing Exhibitions &#8212; Foto Wien","robots":{"index":"index","follow":"follow","max-snippet":"max-snippet:-1","max-image-preview":"max-image-preview:large","max-video-preview":"max-video-preview:-1"},"canonical":"https:\/\/fotowien.at\/en\/fortlaufende-ausstellungen\/","og_locale":"en_US","og_type":"article","og_title":"Ongoing Exhibitions &#8212; Foto Wien","og_description":"&nbsp; ALBERTINA, VALIE EXPORT, until 1.10.2023 https:\/\/fotowien.at\/ausstellung\/valie-export-foto-wien-2023\/ AnzenbergerGallery, STUDIO NOTES&hellip;","og_url":"https:\/\/fotowien.at\/en\/fortlaufende-ausstellungen\/","og_site_name":"Foto Wien","article_publisher":"https:\/\/www.facebook.com\/FOTOWIEN.Festival","article_modified_time":"2025-08-25T12:27:49+00:00","og_image":[{"width":1500,"height":998,"url":"https:\/\/fotowien.at\/wp-content\/uploads\/20230601-195054_foto_wien_eroeffnung_1547-e1688110945734.jpg","type":"image\/jpeg"}],"twitter_card":"summary_large_image","twitter_site":"@fotoarsenalwien","twitter_misc":{"Est. reading time":"2 minutes"},"schema":{"@context":"https:\/\/schema.org","@graph":[{"@type":"WebPage","@id":"https:\/\/fotowien.at\/en\/fortlaufende-ausstellungen\/","url":"https:\/\/fotowien.at\/en\/fortlaufende-ausstellungen\/","name":"Ongoing Exhibitions &#8212; Foto Wien","isPartOf":{"@id":"https:\/\/fotowien.at\/en\/#website"},"primaryImageOfPage":{"@id":"https:\/\/fotowien.at\/en\/fortlaufende-ausstellungen\/#primaryimage"},"image":{"@id":"https:\/\/fotowien.at\/fortlaufende-ausstellungen\/#primaryimage"},"thumbnailUrl":"https:\/\/fotowien.at\/wp-content\/uploads\/20230601-195054_foto_wien_eroeffnung_1547-e1688110945734-1024x681.jpg","datePublished":"2023-06-29T16:00:01+00:00","dateModified":"2025-08-25T12:27:49+00:00","breadcrumb":{"@id":"https:\/\/fotowien.at\/en\/fortlaufende-ausstellungen\/#breadcrumb"},"inLanguage":"en-US","potentialAction":[{"@type":"ReadAction","target":[["https:\/\/fotowien.at\/en\/fortlaufende-ausstellungen\/"]]}]},{"@type":"ImageObject","inLanguage":"en-US","@id":"https:\/\/fotowien.at\/en\/fortlaufende-ausstellungen\/#primaryimage","url":"https:\/\/fotowien.at\/wp-content\/uploads\/20230601-195054_foto_wien_eroeffnung_1547-e1688110945734-1024x681.jpg","contentUrl":"https:\/\/fotowien.at\/wp-content\/uploads\/20230601-195054_foto_wien_eroeffnung_1547-e1688110945734-1024x681.jpg"},{"@type":"BreadcrumbList","@id":"https:\/\/fotowien.at\/en\/fortlaufende-ausstellungen\/#breadcrumb","itemListElement":[{"@type":"ListItem","position":1,"name":"Startseite","item":"https:\/\/fotowien.at\/en\/"},{"@type":"ListItem","position":2,"name":"Fortlaufende Ausstellungen"}]},{"@type":"WebSite","@id":"https:\/\/fotowien.at\/en\/#website","url":"https:\/\/fotowien.at\/en\/","name":"Foto Wien","description":"","publisher":{"@id":"https:\/\/fotowien.at\/en\/#organization"},"potentialAction":[{"@type":"SearchAction","target":{"@type":"EntryPoint","urlTemplate":"https:\/\/fotowien.at\/en\/?s={search_term_string}"},"query-input":{"@type":"PropertyValueSpecification","valueRequired":true,"valueName":"search_term_string"}}],"inLanguage":"en-US"},{"@type":"Organization","@id":"https:\/\/fotowien.at\/en\/#organization","name":"Foto Wien","alternateName":"Foto Wien","url":"https:\/\/fotowien.at\/en\/","logo":{"@type":"ImageObject","inLanguage":"en-US","@id":"https:\/\/fotowien.at\/en\/#\/schema\/logo\/image\/","url":"https:\/\/fotowien.at\/wp-content\/uploads\/FOTO_WIEN_2023_LOGO_Farbe_RGB_Lang.png","contentUrl":"https:\/\/fotowien.at\/wp-content\/uploads\/FOTO_WIEN_2023_LOGO_Farbe_RGB_Lang.png","width":2000,"height":506,"caption":"Foto Wien"},"image":{"@id":"https:\/\/fotowien.at\/en\/#\/schema\/logo\/image\/"},"sameAs":["https:\/\/www.facebook.com\/FOTOWIEN.Festival","https:\/\/x.com\/fotoarsenalwien","https:\/\/instagram.com\/foto_wien","http:\/\/www.tiktok.com\/@fotoarsenalwien"]}]}},"_links":{"self":[{"href":"https:\/\/fotowien.at\/en\/wp-json\/wp\/v2\/pages\/3455","targetHints":{"allow":["GET"]}}],"collection":[{"href":"https:\/\/fotowien.at\/en\/wp-json\/wp\/v2\/pages"}],"about":[{"href":"https:\/\/fotowien.at\/en\/wp-json\/wp\/v2\/types\/page"}],"author":[{"embeddable":true,"href":"https:\/\/fotowien.at\/en\/wp-json\/wp\/v2\/users\/3"}],"replies":[{"embeddable":true,"href":"https:\/\/fotowien.at\/en\/wp-json\/wp\/v2\/comments?post=3455"}],"version-history":[{"count":32,"href":"https:\/\/fotowien.at\/en\/wp-json\/wp\/v2\/pages\/3455\/revisions"}],"predecessor-version":[{"id":3493,"href":"https:\/\/fotowien.at\/en\/wp-json\/wp\/v2\/pages\/3455\/revisions\/3493"}],"wp:attachment":[{"href":"https:\/\/fotowien.at\/en\/wp-json\/wp\/v2\/media?parent=3455"}],"curies":[{"name":"wp","href":"https:\/\/api.w.org\/{rel}","templated":true}]}}